{"id":1559,"date":"2023-07-26T02:33:32","date_gmt":"2023-07-26T02:33:32","guid":{"rendered":"http:\/\/casalyz.com\/?page_id=1559"},"modified":"2023-07-26T03:47:58","modified_gmt":"2023-07-26T03:47:58","slug":"casa-cor-2023","status":"publish","type":"page","link":"https:\/\/casalyz.com\/?page_id=1559","title":{"rendered":"Casa Cor 2023"},"content":{"rendered":"<div id=\"pl-1559\"  class=\"panel-layout\" ><div id=\"pg-1559-0\"  class=\"panel-grid panel-has-style\" ><div class=\"siteorigin-panels-stretch panel-row-style panel-row-style-for-1559-0\" style=\"padding: 100px 0; \" data-stretch-type=\"full-stretched\" data-overlay=\"true\" data-overlay-color=\"#000000\" ><div id=\"pgc-1559-0-0\"  class=\"panel-grid-cell\" ><div id=\"panel-1559-0-0-0\" class=\"so-panel widget widget_sow-editor panel-first-child panel-last-child\" data-index=\"0\" ><div style=\"text-align: left;\" data-title-color=\"#443f3f\" data-headings-color=\"#443f3f\" class=\"panel-widget-style panel-widget-style-for-1559-0-0-0\" ><div\n\t\t\t\n\t\t\tclass=\"so-widget-sow-editor so-widget-sow-editor-base\"\n\t\t\t\n\t\t>\n<div class=\"siteorigin-widget-tinymce textwidget\">\n\t<div id=\"comp-ktgbwudo\" class=\"_1Q9if\" data-testid=\"richTextElement\">\n<h1 style=\"text-align: center;\">Casa Cor Minas Gerais 2023<\/h1>\n<\/div>\n<\/div>\n<\/div><\/div><\/div><\/div><\/div><\/div><div id=\"pg-1559-1\"  class=\"panel-grid panel-has-style\" ><div class=\"siteorigin-panels-stretch panel-row-style panel-row-style-for-1559-1\" style=\"padding: 0px 0; \" data-stretch-type=\"full-stretched\" data-overlay=\"true\" data-overlay-color=\"#000000\" ><div id=\"pgc-1559-1-0\"  class=\"panel-grid-cell\" ><div id=\"panel-1559-1-0-0\" class=\"so-panel widget widget_sow-slider panel-first-child panel-last-child\" data-index=\"1\" ><div style=\"text-align: left;\" data-title-color=\"#443f3f\" data-headings-color=\"#443f3f\" class=\"panel-widget-style panel-widget-style-for-1559-1-0-0\" ><div\n\t\t\t\n\t\t\tclass=\"so-widget-sow-slider so-widget-sow-slider-default-6d39609536fd-1559\"\n\t\t\t\n\t\t>\t\t\t\t<div class=\"sow-slider-base\" style=\"display: none\" tabindex=\"0\">\n\t\t\t\t\t<ul\n\t\t\t\t\tclass=\"sow-slider-images\"\n\t\t\t\t\tdata-settings=\"{&quot;pagination&quot;:true,&quot;speed&quot;:800,&quot;timeout&quot;:8000,&quot;paused&quot;:false,&quot;pause_on_hover&quot;:false,&quot;swipe&quot;:true,&quot;nav_always_show_desktop&quot;:&quot;&quot;,&quot;nav_always_show_mobile&quot;:&quot;&quot;,&quot;breakpoint&quot;:&quot;780px&quot;,&quot;unmute&quot;:false,&quot;anchor&quot;:null}\"\n\t\t\t\t\t\t\t\t\t\tdata-anchor-id=\"\"\n\t\t\t\t>\t\t<li class=\"sow-slider-image\" style=\"visibility: visible;\" >\n\t\t\t\t\t\t<img loading=\"lazy\" decoding=\"async\" width=\"2000\" height=\"1333\" src=\"https:\/\/casalyz.com\/wp-content\/uploads\/2023\/07\/LindaMartins-3.jpg\" class=\"sow-slider-background-image\" alt=\"Casa Cor Minas Gerais 2023\" style=\"\" srcset=\"https:\/\/casalyz.com\/wp-content\/uploads\/2023\/07\/LindaMartins-3.jpg 2000w, https:\/\/casalyz.com\/wp-content\/uploads\/2023\/07\/LindaMartins-3-300x200.jpg 300w, https:\/\/casalyz.com\/wp-content\/uploads\/2023\/07\/LindaMartins-3-1024x682.jpg 1024w, https:\/\/casalyz.com\/wp-content\/uploads\/2023\/07\/LindaMartins-3-768x512.jpg 768w, https:\/\/casalyz.com\/wp-content\/uploads\/2023\/07\/LindaMartins-3-1536x1024.jpg 1536w, https:\/\/casalyz.com\/wp-content\/uploads\/2023\/07\/LindaMartins-3-830x553.jpg 830w, https:\/\/casalyz.com\/wp-content\/uploads\/2023\/07\/LindaMartins-3-230x153.jpg 230w, https:\/\/casalyz.com\/wp-content\/uploads\/2023\/07\/LindaMartins-3-350x233.jpg 350w, https:\/\/casalyz.com\/wp-content\/uploads\/2023\/07\/LindaMartins-3-480x320.jpg 480w, https:\/\/casalyz.com\/wp-content\/uploads\/2023\/07\/LindaMartins-3-272x182.jpg 272w, https:\/\/casalyz.com\/wp-content\/uploads\/2023\/07\/LindaMartins-3-720x480.jpg 720w\" sizes=\"auto, (max-width: 2000px) 100vw, 2000px\" \/>\t\t<\/li>\n\t\t\t\t<li class=\"sow-slider-image\" style=\"visibility: hidden;\" >\n\t\t\t\t\t\t<img loading=\"lazy\" decoding=\"async\" width=\"2000\" height=\"1333\" src=\"https:\/\/casalyz.com\/wp-content\/uploads\/2023\/07\/MarcellaBruno-6.jpg\" class=\"sow-slider-background-image\" alt=\"Casa Cor Minas Gerais 2023\" style=\"\" srcset=\"https:\/\/casalyz.com\/wp-content\/uploads\/2023\/07\/MarcellaBruno-6.jpg 2000w, https:\/\/casalyz.com\/wp-content\/uploads\/2023\/07\/MarcellaBruno-6-300x200.jpg 300w, https:\/\/casalyz.com\/wp-content\/uploads\/2023\/07\/MarcellaBruno-6-1024x682.jpg 1024w, https:\/\/casalyz.com\/wp-content\/uploads\/2023\/07\/MarcellaBruno-6-768x512.jpg 768w, https:\/\/casalyz.com\/wp-content\/uploads\/2023\/07\/MarcellaBruno-6-1536x1024.jpg 1536w, https:\/\/casalyz.com\/wp-content\/uploads\/2023\/07\/MarcellaBruno-6-830x553.jpg 830w, https:\/\/casalyz.com\/wp-content\/uploads\/2023\/07\/MarcellaBruno-6-230x153.jpg 230w, https:\/\/casalyz.com\/wp-content\/uploads\/2023\/07\/MarcellaBruno-6-350x233.jpg 350w, https:\/\/casalyz.com\/wp-content\/uploads\/2023\/07\/MarcellaBruno-6-480x320.jpg 480w, https:\/\/casalyz.com\/wp-content\/uploads\/2023\/07\/MarcellaBruno-6-272x182.jpg 272w, https:\/\/casalyz.com\/wp-content\/uploads\/2023\/07\/MarcellaBruno-6-720x480.jpg 720w\" sizes=\"auto, (max-width: 2000px) 100vw, 2000px\" \/>\t\t<\/li>\n\t\t\t\t<li class=\"sow-slider-image\" style=\"visibility: hidden;\" >\n\t\t\t\t\t\t<img loading=\"lazy\" decoding=\"async\" width=\"2000\" height=\"1333\" src=\"https:\/\/casalyz.com\/wp-content\/uploads\/2023\/07\/AndreiaKati-2.jpg\" class=\"sow-slider-background-image\" alt=\"Casa Cor Minas Gerais 2023\" style=\"\" srcset=\"https:\/\/casalyz.com\/wp-content\/uploads\/2023\/07\/AndreiaKati-2.jpg 2000w, https:\/\/casalyz.com\/wp-content\/uploads\/2023\/07\/AndreiaKati-2-300x200.jpg 300w, https:\/\/casalyz.com\/wp-content\/uploads\/2023\/07\/AndreiaKati-2-1024x682.jpg 1024w, https:\/\/casalyz.com\/wp-content\/uploads\/2023\/07\/AndreiaKati-2-768x512.jpg 768w, https:\/\/casalyz.com\/wp-content\/uploads\/2023\/07\/AndreiaKati-2-1536x1024.jpg 1536w, https:\/\/casalyz.com\/wp-content\/uploads\/2023\/07\/AndreiaKati-2-830x553.jpg 830w, https:\/\/casalyz.com\/wp-content\/uploads\/2023\/07\/AndreiaKati-2-230x153.jpg 230w, https:\/\/casalyz.com\/wp-content\/uploads\/2023\/07\/AndreiaKati-2-350x233.jpg 350w, https:\/\/casalyz.com\/wp-content\/uploads\/2023\/07\/AndreiaKati-2-480x320.jpg 480w, https:\/\/casalyz.com\/wp-content\/uploads\/2023\/07\/AndreiaKati-2-272x182.jpg 272w, https:\/\/casalyz.com\/wp-content\/uploads\/2023\/07\/AndreiaKati-2-720x480.jpg 720w\" sizes=\"auto, (max-width: 2000px) 100vw, 2000px\" \/>\t\t<\/li>\n\t\t\t\t<li class=\"sow-slider-image\" style=\"visibility: hidden;\" >\n\t\t\t\t\t\t<img loading=\"lazy\" decoding=\"async\" width=\"2000\" height=\"1333\" src=\"https:\/\/casalyz.com\/wp-content\/uploads\/2023\/07\/Michelle-2.jpg\" class=\"sow-slider-background-image\" alt=\"\" style=\"\" srcset=\"https:\/\/casalyz.com\/wp-content\/uploads\/2023\/07\/Michelle-2.jpg 2000w, https:\/\/casalyz.com\/wp-content\/uploads\/2023\/07\/Michelle-2-300x200.jpg 300w, https:\/\/casalyz.com\/wp-content\/uploads\/2023\/07\/Michelle-2-1024x682.jpg 1024w, https:\/\/casalyz.com\/wp-content\/uploads\/2023\/07\/Michelle-2-768x512.jpg 768w, https:\/\/casalyz.com\/wp-content\/uploads\/2023\/07\/Michelle-2-1536x1024.jpg 1536w, https:\/\/casalyz.com\/wp-content\/uploads\/2023\/07\/Michelle-2-830x553.jpg 830w, https:\/\/casalyz.com\/wp-content\/uploads\/2023\/07\/Michelle-2-230x153.jpg 230w, https:\/\/casalyz.com\/wp-content\/uploads\/2023\/07\/Michelle-2-350x233.jpg 350w, https:\/\/casalyz.com\/wp-content\/uploads\/2023\/07\/Michelle-2-480x320.jpg 480w, https:\/\/casalyz.com\/wp-content\/uploads\/2023\/07\/Michelle-2-272x182.jpg 272w, https:\/\/casalyz.com\/wp-content\/uploads\/2023\/07\/Michelle-2-720x480.jpg 720w\" sizes=\"auto, (max-width: 2000px) 100vw, 2000px\" \/>\t\t<\/li>\n\t\t<\/ul>\t\t\t\t<ol class=\"sow-slider-pagination\">\n\t\t\t\t\t\t\t\t\t\t\t<li><a href=\"#\" data-goto=\"0\" aria-label=\"Display slide 1\"><\/a><\/li>\n\t\t\t\t\t\t\t\t\t\t\t<li><a href=\"#\" data-goto=\"1\" aria-label=\"Display slide 2\"><\/a><\/li>\n\t\t\t\t\t\t\t\t\t\t\t<li><a href=\"#\" data-goto=\"2\" aria-label=\"Display slide 3\"><\/a><\/li>\n\t\t\t\t\t\t\t\t\t\t\t<li><a href=\"#\" data-goto=\"3\" aria-label=\"Display slide 4\"><\/a><\/li>\n\t\t\t\t\t\t\t\t\t<\/ol>\n\n\t\t\t\t<div class=\"sow-slide-nav sow-slide-nav-next\">\n\t\t\t\t\t<a href=\"#\" data-goto=\"next\" aria-label=\"Next slide\" data-action=\"next\">\n\t\t\t\t\t\t<em class=\"sow-sld-icon-thin-right\"><\/em>\n\t\t\t\t\t<\/a>\n\t\t\t\t<\/div>\n\n\t\t\t\t<div class=\"sow-slide-nav sow-slide-nav-prev\">\n\t\t\t\t\t<a href=\"#\" data-goto=\"previous\" aria-label=\"Previous slide\" data-action=\"prev\">\n\t\t\t\t\t\t<em class=\"sow-sld-icon-thin-left\"><\/em>\n\t\t\t\t\t<\/a>\n\t\t\t\t<\/div>\n\t\t\t\t<\/div><\/div><\/div><\/div><\/div><\/div><\/div><div id=\"pg-1559-2\"  class=\"panel-grid panel-has-style\" ><div class=\"siteorigin-panels-stretch panel-row-style panel-row-style-for-1559-2\" style=\"padding: 100px 0; \" data-stretch-type=\"full-stretched\" data-overlay=\"true\" data-overlay-color=\"#000000\" ><div id=\"pgc-1559-2-0\"  class=\"panel-grid-cell panel-grid-cell-empty\" ><\/div><div id=\"pgc-1559-2-1\"  class=\"panel-grid-cell\" ><div id=\"panel-1559-2-1-0\" class=\"so-panel widget widget_cl-ib widget-cl-ib panel-first-child panel-last-child\" data-index=\"2\" ><div style=\"text-align: left;\" data-title-color=\"#443f3f\" data-headings-color=\"#443f3f\" class=\"panel-widget-style panel-widget-style-for-1559-2-1-0\" ><a href=\"http:\/\/casalyz.com\/refugio-casa-lyz\/\" title=\"Ref\u00fagio Casa Lyz\" class=\"cl-ib animation_hebe ratio_3x2 align_center with_title cl_custom_css_1\" style=\"width:100%;background-color:#ffffff;color:#999999;\"><div class=\"cl-ib-h easing_ease\"><div class=\"cl-ib-image\" style=\"background-image: url(https:\/\/casalyz.com\/wp-content\/uploads\/2023\/07\/LindaMartins-5-1-1024x682.jpg)\"><img loading=\"lazy\" decoding=\"async\" src=\"https:\/\/casalyz.com\/wp-content\/uploads\/2023\/07\/LindaMartins-5-1-1024x682.jpg\" width=\"1024\" height=\"682\"  alt=\"Casa Cor Minas Gerais 2023\" \/><\/div><div class=\"cl-ib-content\" style=\"padding:10%;\"><div class=\"cl-ib-content-h\"><h4 class=\"cl-ib-title\" style=\"font-size:30px;\">Conhe\u00e7a Mais<\/h4><\/div><\/div><\/div><\/a><style type=\"text\/css\">@media only screen and (max-width: 599px) {.cl_custom_css_1 .cl-ib-title { font-size:24px !important; }}<\/style><\/div><\/div><\/div><div id=\"pgc-1559-2-2\"  class=\"panel-grid-cell panel-grid-cell-mobile-last\" ><div id=\"panel-1559-2-2-0\" class=\"so-panel widget widget_sow-editor panel-first-child\" data-index=\"3\" ><div style=\"text-align: left;\" data-title-color=\"#443f3f\" data-headings-color=\"#443f3f\" class=\"panel-widget-style panel-widget-style-for-1559-2-2-0\" ><div\n\t\t\t\n\t\t\tclass=\"so-widget-sow-editor so-widget-sow-editor-base\"\n\t\t\t\n\t\t>\n<div class=\"siteorigin-widget-tinymce textwidget\">\n\t<div id=\"comp-ktgbwudo\" class=\"_1Q9if\" data-testid=\"richTextElement\">\n<h3 style=\"text-align: left;\">Casa Cor Minas Gerais 2023<\/h3>\n<h2>Ref\u00fagio Casa Lyz<\/h2>\n<p>Por Linda Martins e Cris Ara\u00fajo<\/p>\n<p>O espa\u00e7o oferece um ambiente neutro com fundo branco, proporcionando um espa\u00e7o em branco para ser preenchido pelas experi\u00eancias dos moradores...<\/p>\n<\/div>\n<\/div>\n<\/div><\/div><\/div><div id=\"panel-1559-2-2-1\" class=\"so-panel widget widget_sow-editor\" data-index=\"4\" ><div style=\"text-align: left;\" data-title-color=\"#443f3f\" data-headings-color=\"#443f3f\" class=\"panel-widget-style panel-widget-style-for-1559-2-2-1\" ><div\n\t\t\t\n\t\t\tclass=\"so-widget-sow-editor so-widget-sow-editor-base\"\n\t\t\t\n\t\t>\n<div class=\"siteorigin-widget-tinymce textwidget\">\n\t<div id=\"comp-ktgbwudo\" class=\"_1Q9if\" data-testid=\"richTextElement\">\n<p><span style=\"color: #ffffff;\">.<\/span><\/p>\n<\/div>\n<\/div>\n<\/div><\/div><\/div><div id=\"panel-1559-2-2-2\" class=\"so-panel widget widget_sow-button panel-last-child\" data-index=\"5\" ><div style=\"text-align: left;\" data-title-color=\"#443f3f\" data-headings-color=\"#443f3f\" class=\"panel-widget-style panel-widget-style-for-1559-2-2-2\" ><div\n\t\t\t\n\t\t\tclass=\"so-widget-sow-button so-widget-sow-button-wire-fd8d3bdb402c-1559\"\n\t\t\t\n\t\t><div class=\"ow-button-base ow-button-align-center\"\n>\n\t\t\t<a\n\t\t\t\t\thref=\"http:\/\/casalyz.com\/refugio-casa-lyz\/\"\n\t\t\t\t\tclass=\"sowb-button ow-icon-placement-left ow-button-hover\" \t>\n\t\t<span>\n\t\t\t\n\t\t\tCONHE\u00c7A MAIS\t\t<\/span>\n\t\t\t<\/a>\n\t<\/div>\n<\/div><\/div><\/div><\/div><div id=\"pgc-1559-2-3\"  class=\"panel-grid-cell panel-grid-cell-empty\" ><\/div><\/div><\/div><div id=\"pg-1559-3\"  class=\"panel-grid panel-has-style\" ><div class=\"siteorigin-panels-stretch panel-row-style panel-row-style-for-1559-3\" style=\"padding: 100px 0; \" data-stretch-type=\"full-stretched\" data-overlay=\"true\" data-overlay-color=\"#000000\" ><div id=\"pgc-1559-3-0\"  class=\"panel-grid-cell panel-grid-cell-empty\" ><\/div><div id=\"pgc-1559-3-1\"  class=\"panel-grid-cell\" ><div id=\"panel-1559-3-1-0\" class=\"so-panel widget widget_sow-editor panel-first-child\" data-index=\"6\" ><div style=\"text-align: left;\" data-title-color=\"#443f3f\" data-headings-color=\"#443f3f\" class=\"panel-widget-style panel-widget-style-for-1559-3-1-0\" ><div\n\t\t\t\n\t\t\tclass=\"so-widget-sow-editor so-widget-sow-editor-base\"\n\t\t\t\n\t\t>\n<div class=\"siteorigin-widget-tinymce textwidget\">\n\t<div id=\"comp-ktgbwudo\" class=\"_1Q9if\" data-testid=\"richTextElement\">\n<h3 style=\"text-align: left;\">Casa Cor Minas Gerais 2023<\/h3>\n<h2>Varanda Jequitib\u00e1<\/h2>\n<p>Por Marcella Machado e Bruno C\u00e2mara<\/p>\n<p>Na fachada marcada por uma sacada e uma varanda, um elemento org\u00e2nico surgi, como uma \u00e1rvore. Dando fluidez e fun\u00e7\u00e3o ao pequeno espa\u00e7o...<\/p>\n<\/div>\n<\/div>\n<\/div><\/div><\/div><div id=\"panel-1559-3-1-1\" class=\"so-panel widget widget_sow-editor\" data-index=\"7\" ><div style=\"text-align: left;\" data-title-color=\"#443f3f\" data-headings-color=\"#443f3f\" class=\"panel-widget-style panel-widget-style-for-1559-3-1-1\" ><div\n\t\t\t\n\t\t\tclass=\"so-widget-sow-editor so-widget-sow-editor-base\"\n\t\t\t\n\t\t>\n<div class=\"siteorigin-widget-tinymce textwidget\">\n\t<div id=\"comp-ktgbwudo\" class=\"_1Q9if\" data-testid=\"richTextElement\">\n<p><span style=\"color: #ffffff;\">.<\/span><\/p>\n<\/div>\n<\/div>\n<\/div><\/div><\/div><div id=\"panel-1559-3-1-2\" class=\"so-panel widget widget_sow-button panel-last-child\" data-index=\"8\" ><div style=\"text-align: left;\" data-title-color=\"#443f3f\" data-headings-color=\"#443f3f\" class=\"panel-widget-style panel-widget-style-for-1559-3-1-2\" ><div\n\t\t\t\n\t\t\tclass=\"so-widget-sow-button so-widget-sow-button-wire-fd8d3bdb402c-1559\"\n\t\t\t\n\t\t><div class=\"ow-button-base ow-button-align-center\"\n>\n\t\t\t<a\n\t\t\t\t\thref=\"http:\/\/casalyz.com\/varanda-jequitiba\/\"\n\t\t\t\t\tclass=\"sowb-button ow-icon-placement-left ow-button-hover\" \t>\n\t\t<span>\n\t\t\t\n\t\t\tCONHE\u00c7A MAIS\t\t<\/span>\n\t\t\t<\/a>\n\t<\/div>\n<\/div><\/div><\/div><\/div><div id=\"pgc-1559-3-2\"  class=\"panel-grid-cell panel-grid-cell-mobile-last\" ><div id=\"panel-1559-3-2-0\" class=\"so-panel widget widget_cl-ib widget-cl-ib panel-first-child panel-last-child\" data-index=\"9\" ><div style=\"text-align: left;\" data-title-color=\"#443f3f\" data-headings-color=\"#443f3f\" class=\"panel-widget-style panel-widget-style-for-1559-3-2-0\" ><a href=\"http:\/\/casalyz.com\/varanda-jequitiba\/\" title=\"Ref\u00fagio Casa Lyz\" class=\"cl-ib animation_hebe ratio_3x2 align_center with_title cl_custom_css_2\" style=\"width:100%;background-color:#ffffff;color:#999999;\"><div class=\"cl-ib-h easing_ease\"><div class=\"cl-ib-image\" style=\"background-image: url(https:\/\/casalyz.com\/wp-content\/uploads\/2023\/07\/MarcellaBruno-8-1024x682.jpg)\"><img loading=\"lazy\" decoding=\"async\" src=\"https:\/\/casalyz.com\/wp-content\/uploads\/2023\/07\/MarcellaBruno-8-1024x682.jpg\" width=\"1024\" height=\"682\"  alt=\"Casa Cor Minas Gerais 2023\" \/><\/div><div class=\"cl-ib-content\" style=\"padding:10%;\"><div class=\"cl-ib-content-h\"><h4 class=\"cl-ib-title\" style=\"font-size:30px;\">Conhe\u00e7a Mais<\/h4><\/div><\/div><\/div><\/a><style type=\"text\/css\">@media only screen and (max-width: 599px) {.cl_custom_css_2 .cl-ib-title { font-size:24px !important; }}<\/style><\/div><\/div><\/div><div id=\"pgc-1559-3-3\"  class=\"panel-grid-cell panel-grid-cell-empty\" ><\/div><\/div><\/div><div id=\"pg-1559-4\"  class=\"panel-grid panel-has-style\" ><div class=\"siteorigin-panels-stretch panel-row-style panel-row-style-for-1559-4\" style=\"padding: 100px 0; \" data-stretch-type=\"full-stretched\" data-overlay=\"true\" data-overlay-color=\"#000000\" ><div id=\"pgc-1559-4-0\"  class=\"panel-grid-cell panel-grid-cell-empty\" ><\/div><div id=\"pgc-1559-4-1\"  class=\"panel-grid-cell\" ><div id=\"panel-1559-4-1-0\" class=\"so-panel widget widget_cl-ib widget-cl-ib panel-first-child panel-last-child\" data-index=\"10\" ><div style=\"text-align: left;\" data-title-color=\"#443f3f\" data-headings-color=\"#443f3f\" class=\"panel-widget-style panel-widget-style-for-1559-4-1-0\" ><a href=\"http:\/\/casalyz.com\/terraco-bem-estar\/\" title=\"Ref\u00fagio Casa Lyz\" class=\"cl-ib animation_hebe ratio_3x2 align_center with_title cl_custom_css_3\" style=\"width:100%;background-color:#ffffff;color:#999999;\"><div class=\"cl-ib-h easing_ease\"><div class=\"cl-ib-image\" style=\"background-image: url(https:\/\/casalyz.com\/wp-content\/uploads\/2023\/07\/AndreiaKati-3-1024x682.jpg)\"><img loading=\"lazy\" decoding=\"async\" src=\"https:\/\/casalyz.com\/wp-content\/uploads\/2023\/07\/AndreiaKati-3-1024x682.jpg\" width=\"1024\" height=\"682\"  alt=\"Casa Cor Minas Gerais 2024\" \/><\/div><div class=\"cl-ib-content\" style=\"padding:10%;\"><div class=\"cl-ib-content-h\"><h4 class=\"cl-ib-title\" style=\"font-size:30px;\">Conhe\u00e7a Mais<\/h4><\/div><\/div><\/div><\/a><style type=\"text\/css\">@media only screen and (max-width: 599px) {.cl_custom_css_3 .cl-ib-title { font-size:24px !important; }}<\/style><\/div><\/div><\/div><div id=\"pgc-1559-4-2\"  class=\"panel-grid-cell panel-grid-cell-mobile-last\" ><div id=\"panel-1559-4-2-0\" class=\"so-panel widget widget_sow-editor panel-first-child\" data-index=\"11\" ><div style=\"text-align: left;\" data-title-color=\"#443f3f\" data-headings-color=\"#443f3f\" class=\"panel-widget-style panel-widget-style-for-1559-4-2-0\" ><div\n\t\t\t\n\t\t\tclass=\"so-widget-sow-editor so-widget-sow-editor-base\"\n\t\t\t\n\t\t>\n<div class=\"siteorigin-widget-tinymce textwidget\">\n\t<div id=\"comp-ktgbwudo\" class=\"_1Q9if\" data-testid=\"richTextElement\">\n<h3 style=\"text-align: left;\">Casa Cor Minas Gerais 2023<\/h3>\n<h2>Terra\u00e7o Bem Estar<\/h2>\n<p>Por Andrea Pinto Coelho e Katiene Rosa<\/p>\n<p>&nbsp;<\/p>\n<\/div>\n<\/div>\n<\/div><\/div><\/div><div id=\"panel-1559-4-2-1\" class=\"so-panel widget widget_sow-editor\" data-index=\"12\" ><div style=\"text-align: left;\" data-title-color=\"#443f3f\" data-headings-color=\"#443f3f\" class=\"panel-widget-style panel-widget-style-for-1559-4-2-1\" ><div\n\t\t\t\n\t\t\tclass=\"so-widget-sow-editor so-widget-sow-editor-base\"\n\t\t\t\n\t\t>\n<div class=\"siteorigin-widget-tinymce textwidget\">\n\t<div id=\"comp-ktgbwudo\" class=\"_1Q9if\" data-testid=\"richTextElement\">\n<p><span style=\"color: #ffffff;\">.<\/span><\/p>\n<\/div>\n<\/div>\n<\/div><\/div><\/div><div id=\"panel-1559-4-2-2\" class=\"so-panel widget widget_sow-button panel-last-child\" data-index=\"13\" ><div style=\"text-align: left;\" data-title-color=\"#443f3f\" data-headings-color=\"#443f3f\" class=\"panel-widget-style panel-widget-style-for-1559-4-2-2\" ><div\n\t\t\t\n\t\t\tclass=\"so-widget-sow-button so-widget-sow-button-wire-fd8d3bdb402c-1559\"\n\t\t\t\n\t\t><div class=\"ow-button-base ow-button-align-center\"\n>\n\t\t\t<a\n\t\t\t\t\thref=\"http:\/\/casalyz.com\/terraco-bem-estar\/\"\n\t\t\t\t\tclass=\"sowb-button ow-icon-placement-left ow-button-hover\" \t>\n\t\t<span>\n\t\t\t\n\t\t\tCONHE\u00c7A MAIS\t\t<\/span>\n\t\t\t<\/a>\n\t<\/div>\n<\/div><\/div><\/div><\/div><div id=\"pgc-1559-4-3\"  class=\"panel-grid-cell panel-grid-cell-empty\" ><\/div><\/div><\/div><div id=\"pg-1559-5\"  class=\"panel-grid panel-has-style\" ><div class=\"siteorigin-panels-stretch panel-row-style panel-row-style-for-1559-5\" style=\"padding: 100px 0; \" data-stretch-type=\"full-stretched\" data-overlay=\"true\" data-overlay-color=\"#000000\" ><div id=\"pgc-1559-5-0\"  class=\"panel-grid-cell panel-grid-cell-empty\" ><\/div><div id=\"pgc-1559-5-1\"  class=\"panel-grid-cell\" ><div id=\"panel-1559-5-1-0\" class=\"so-panel widget widget_sow-editor panel-first-child\" data-index=\"14\" ><div style=\"text-align: left;\" data-title-color=\"#443f3f\" data-headings-color=\"#443f3f\" class=\"panel-widget-style panel-widget-style-for-1559-5-1-0\" ><div\n\t\t\t\n\t\t\tclass=\"so-widget-sow-editor so-widget-sow-editor-base\"\n\t\t\t\n\t\t>\n<div class=\"siteorigin-widget-tinymce textwidget\">\n\t<div id=\"comp-ktgbwudo\" class=\"_1Q9if\" data-testid=\"richTextElement\">\n<h3 style=\"text-align: left;\">Casa Cor Minas Gerais 2023<\/h3>\n<h2>Su\u00edte \u00d3cio<\/h2>\n<p>Por Michele Alves<\/p>\n<p>Foi projetada com o objetivo de proporcionar um ambiente acolhedor para casais que buscam equil\u00edbrio e desacelera\u00e7\u00e3o...<\/p>\n<\/div>\n<\/div>\n<\/div><\/div><\/div><div id=\"panel-1559-5-1-1\" class=\"so-panel widget widget_sow-editor\" data-index=\"15\" ><div style=\"text-align: left;\" data-title-color=\"#443f3f\" data-headings-color=\"#443f3f\" class=\"panel-widget-style panel-widget-style-for-1559-5-1-1\" ><div\n\t\t\t\n\t\t\tclass=\"so-widget-sow-editor so-widget-sow-editor-base\"\n\t\t\t\n\t\t>\n<div class=\"siteorigin-widget-tinymce textwidget\">\n\t<div id=\"comp-ktgbwudo\" class=\"_1Q9if\" data-testid=\"richTextElement\">\n<p><span style=\"color: #ffffff;\">.<\/span><\/p>\n<\/div>\n<\/div>\n<\/div><\/div><\/div><div id=\"panel-1559-5-1-2\" class=\"so-panel widget widget_sow-button panel-last-child\" data-index=\"16\" ><div style=\"text-align: left;\" data-title-color=\"#443f3f\" data-headings-color=\"#443f3f\" class=\"panel-widget-style panel-widget-style-for-1559-5-1-2\" ><div\n\t\t\t\n\t\t\tclass=\"so-widget-sow-button so-widget-sow-button-wire-fd8d3bdb402c-1559\"\n\t\t\t\n\t\t><div class=\"ow-button-base ow-button-align-center\"\n>\n\t\t\t<a\n\t\t\t\t\thref=\"http:\/\/casalyz.com\/suite-ocio\/\"\n\t\t\t\t\tclass=\"sowb-button ow-icon-placement-left ow-button-hover\" \t>\n\t\t<span>\n\t\t\t\n\t\t\tCONHE\u00c7A MAIS\t\t<\/span>\n\t\t\t<\/a>\n\t<\/div>\n<\/div><\/div><\/div><\/div><div id=\"pgc-1559-5-2\"  class=\"panel-grid-cell panel-grid-cell-mobile-last\" ><div id=\"panel-1559-5-2-0\" class=\"so-panel widget widget_cl-ib widget-cl-ib panel-first-child panel-last-child\" data-index=\"17\" ><div style=\"text-align: left;\" data-title-color=\"#443f3f\" data-headings-color=\"#443f3f\" class=\"panel-widget-style panel-widget-style-for-1559-5-2-0\" ><a href=\"http:\/\/casalyz.com\/suite-ocio\/\" title=\"Ref\u00fagio Casa Lyz\" class=\"cl-ib animation_hebe ratio_3x2 align_center with_title cl_custom_css_4\" style=\"width:100%;background-color:#ffffff;color:#999999;\"><div class=\"cl-ib-h easing_ease\"><div class=\"cl-ib-image\" style=\"background-image: url(https:\/\/casalyz.com\/wp-content\/uploads\/2023\/07\/Michelle-12-1024x682.jpg)\"><img loading=\"lazy\" decoding=\"async\" src=\"https:\/\/casalyz.com\/wp-content\/uploads\/2023\/07\/Michelle-12-1024x682.jpg\" width=\"1024\" height=\"682\"  alt=\"Casa Cor Minas Gerais 2023\" \/><\/div><div class=\"cl-ib-content\" style=\"padding:10%;\"><div class=\"cl-ib-content-h\"><h4 class=\"cl-ib-title\" style=\"font-size:30px;\">Conhe\u00e7a Mais<\/h4><\/div><\/div><\/div><\/a><style type=\"text\/css\">@media only screen and (max-width: 599px) {.cl_custom_css_4 .cl-ib-title { font-size:24px !important; }}<\/style><\/div><\/div><\/div><div id=\"pgc-1559-5-3\"  class=\"panel-grid-cell panel-grid-cell-empty\" ><\/div><\/div><\/div><\/div>","protected":false},"excerpt":{"rendered":"<p>Casa Cor Minas Gerais 2023<\/p>\n","protected":false},"author":1,"featured_media":0,"parent":0,"menu_order":0,"comment_status":"closed","ping_status":"closed","template":"page-templates\/page_front-page.php","meta":{"footnotes":""},"class_list":["post-1559","page","type-page","status-publish","hentry"],"_links":{"self":[{"href":"https:\/\/casalyz.com\/index.php?rest_route=\/wp\/v2\/pages\/1559","targetHints":{"allow":["GET"]}}],"collection":[{"href":"https:\/\/casalyz.com\/index.php?rest_route=\/wp\/v2\/pages"}],"about":[{"href":"https:\/\/casalyz.com\/index.php?rest_route=\/wp\/v2\/types\/page"}],"author":[{"embeddable":true,"href":"https:\/\/casalyz.com\/index.php?rest_route=\/wp\/v2\/users\/1"}],"replies":[{"embeddable":true,"href":"https:\/\/casalyz.com\/index.php?rest_route=%2Fwp%2Fv2%2Fcomments&post=1559"}],"version-history":[{"count":19,"href":"https:\/\/casalyz.com\/index.php?rest_route=\/wp\/v2\/pages\/1559\/revisions"}],"predecessor-version":[{"id":1618,"href":"https:\/\/casalyz.com\/index.php?rest_route=\/wp\/v2\/pages\/1559\/revisions\/1618"}],"wp:attachment":[{"href":"https:\/\/casalyz.com\/index.php?rest_route=%2Fwp%2Fv2%2Fmedia&parent=1559"}],"curies":[{"name":"wp","href":"https:\/\/api.w.org\/{rel}","templated":true}]}}