{"id":1391,"date":"2023-06-04T17:56:13","date_gmt":"2023-06-04T17:56:13","guid":{"rendered":"http:\/\/casalyz.com\/?page_id=1391"},"modified":"2024-07-03T20:05:38","modified_gmt":"2024-07-03T20:05:38","slug":"mesas","status":"publish","type":"page","link":"https:\/\/casalyz.com\/?page_id=1391","title":{"rendered":"Mesas"},"content":{"rendered":"<div id=\"pl-1391\"  class=\"panel-layout\" ><div id=\"pg-1391-0\"  class=\"panel-grid panel-has-style\" ><div style=\"padding: 35px 0; \" data-overlay=\"true\" data-overlay-color=\"#000000\" class=\"panel-row-style panel-row-style-for-1391-0\" ><div id=\"pgc-1391-0-0\"  class=\"panel-grid-cell\" ><div id=\"panel-1391-0-0-0\" class=\"so-panel widget widget_sow-editor panel-first-child panel-last-child\" data-index=\"0\" ><div style=\"text-align: left;\" data-title-color=\"#443f3f\" data-headings-color=\"#443f3f\" class=\"panel-widget-style panel-widget-style-for-1391-0-0-0\" ><div\n\t\t\t\n\t\t\tclass=\"so-widget-sow-editor so-widget-sow-editor-base\"\n\t\t\t\n\t\t>\n<div class=\"siteorigin-widget-tinymce textwidget\">\n\t<h1 style=\"text-align: center;\">Mesas de jantar, de centro, lateral e bistro<\/h1>\n<\/div>\n<\/div><\/div><\/div><\/div><\/div><\/div><div id=\"pg-1391-1\"  class=\"panel-grid panel-has-style\" ><div style=\"padding: 0px 0; \" data-overlay=\"true\" data-overlay-color=\"#000000\" class=\"panel-row-style panel-row-style-for-1391-1\" ><div id=\"pgc-1391-1-0\"  class=\"panel-grid-cell\" ><div id=\"panel-1391-1-0-0\" class=\"so-panel widget widget_sow-slider panel-first-child panel-last-child\" data-index=\"1\" ><div style=\"text-align: left;\" data-title-color=\"#443f3f\" data-headings-color=\"#443f3f\" class=\"panel-widget-style panel-widget-style-for-1391-1-0-0\" ><div\n\t\t\t\n\t\t\tclass=\"so-widget-sow-slider so-widget-sow-slider-default-8add71f7cf84-1391\"\n\t\t\t\n\t\t>\t\t\t\t<div class=\"sow-slider-base\" style=\"display: none\" tabindex=\"0\">\n\t\t\t\t\t<ul\n\t\t\t\t\tclass=\"sow-slider-images\"\n\t\t\t\t\tdata-settings=\"{&quot;pagination&quot;:true,&quot;speed&quot;:800,&quot;timeout&quot;:8000,&quot;paused&quot;:false,&quot;pause_on_hover&quot;:false,&quot;swipe&quot;:true,&quot;nav_always_show_desktop&quot;:&quot;&quot;,&quot;nav_always_show_mobile&quot;:&quot;&quot;,&quot;breakpoint&quot;:&quot;780px&quot;,&quot;unmute&quot;:false,&quot;anchor&quot;:null}\"\n\t\t\t\t\t\t\t\t\t\tdata-anchor-id=\"\"\n\t\t\t\t>\t\t<li class=\"sow-slider-image\" style=\"visibility: visible;\" >\n\t\t\t\t\t\t<img loading=\"lazy\" decoding=\"async\" width=\"1024\" height=\"683\" src=\"https:\/\/casalyz.com\/wp-content\/uploads\/2023\/06\/neo.jpg\" class=\"sow-slider-background-image\" alt=\"\" style=\"\" srcset=\"https:\/\/casalyz.com\/wp-content\/uploads\/2023\/06\/neo.jpg 1024w, https:\/\/casalyz.com\/wp-content\/uploads\/2023\/06\/neo-300x200.jpg 300w, https:\/\/casalyz.com\/wp-content\/uploads\/2023\/06\/neo-768x512.jpg 768w, https:\/\/casalyz.com\/wp-content\/uploads\/2023\/06\/neo-830x554.jpg 830w, https:\/\/casalyz.com\/wp-content\/uploads\/2023\/06\/neo-230x153.jpg 230w, https:\/\/casalyz.com\/wp-content\/uploads\/2023\/06\/neo-350x233.jpg 350w, https:\/\/casalyz.com\/wp-content\/uploads\/2023\/06\/neo-480x320.jpg 480w, https:\/\/casalyz.com\/wp-content\/uploads\/2023\/06\/neo-272x182.jpg 272w, https:\/\/casalyz.com\/wp-content\/uploads\/2023\/06\/neo-720x480.jpg 720w\" sizes=\"auto, (max-width: 1024px) 100vw, 1024px\" \/>\t\t<\/li>\n\t\t\t\t<li class=\"sow-slider-image\" style=\"visibility: hidden;\" >\n\t\t\t\t\t\t<img loading=\"lazy\" decoding=\"async\" width=\"1024\" height=\"683\" src=\"https:\/\/casalyz.com\/wp-content\/uploads\/2023\/06\/omega.jpg\" class=\"sow-slider-background-image\" alt=\"\" style=\"\" srcset=\"https:\/\/casalyz.com\/wp-content\/uploads\/2023\/06\/omega.jpg 1024w, https:\/\/casalyz.com\/wp-content\/uploads\/2023\/06\/omega-300x200.jpg 300w, https:\/\/casalyz.com\/wp-content\/uploads\/2023\/06\/omega-768x512.jpg 768w, https:\/\/casalyz.com\/wp-content\/uploads\/2023\/06\/omega-830x554.jpg 830w, https:\/\/casalyz.com\/wp-content\/uploads\/2023\/06\/omega-230x153.jpg 230w, https:\/\/casalyz.com\/wp-content\/uploads\/2023\/06\/omega-350x233.jpg 350w, https:\/\/casalyz.com\/wp-content\/uploads\/2023\/06\/omega-480x320.jpg 480w, https:\/\/casalyz.com\/wp-content\/uploads\/2023\/06\/omega-272x182.jpg 272w, https:\/\/casalyz.com\/wp-content\/uploads\/2023\/06\/omega-720x480.jpg 720w\" sizes=\"auto, (max-width: 1024px) 100vw, 1024px\" \/>\t\t<\/li>\n\t\t\t\t<li class=\"sow-slider-image\" style=\"visibility: hidden;\" >\n\t\t\t\t\t\t<img loading=\"lazy\" decoding=\"async\" width=\"1024\" height=\"683\" src=\"https:\/\/casalyz.com\/wp-content\/uploads\/2023\/06\/orbita.jpg\" class=\"sow-slider-background-image\" alt=\"\" style=\"\" srcset=\"https:\/\/casalyz.com\/wp-content\/uploads\/2023\/06\/orbita.jpg 1024w, https:\/\/casalyz.com\/wp-content\/uploads\/2023\/06\/orbita-300x200.jpg 300w, https:\/\/casalyz.com\/wp-content\/uploads\/2023\/06\/orbita-768x512.jpg 768w, https:\/\/casalyz.com\/wp-content\/uploads\/2023\/06\/orbita-830x554.jpg 830w, https:\/\/casalyz.com\/wp-content\/uploads\/2023\/06\/orbita-230x153.jpg 230w, https:\/\/casalyz.com\/wp-content\/uploads\/2023\/06\/orbita-350x233.jpg 350w, https:\/\/casalyz.com\/wp-content\/uploads\/2023\/06\/orbita-480x320.jpg 480w, https:\/\/casalyz.com\/wp-content\/uploads\/2023\/06\/orbita-272x182.jpg 272w, https:\/\/casalyz.com\/wp-content\/uploads\/2023\/06\/orbita-720x480.jpg 720w\" sizes=\"auto, (max-width: 1024px) 100vw, 1024px\" \/>\t\t<\/li>\n\t\t\t\t<li class=\"sow-slider-image\" style=\"visibility: hidden;\" >\n\t\t\t\t\t\t<img loading=\"lazy\" decoding=\"async\" width=\"1024\" height=\"683\" src=\"https:\/\/casalyz.com\/wp-content\/uploads\/2023\/06\/fingi.jpg\" class=\"sow-slider-background-image\" alt=\"\" style=\"\" srcset=\"https:\/\/casalyz.com\/wp-content\/uploads\/2023\/06\/fingi.jpg 1024w, https:\/\/casalyz.com\/wp-content\/uploads\/2023\/06\/fingi-300x200.jpg 300w, https:\/\/casalyz.com\/wp-content\/uploads\/2023\/06\/fingi-768x512.jpg 768w, https:\/\/casalyz.com\/wp-content\/uploads\/2023\/06\/fingi-830x554.jpg 830w, https:\/\/casalyz.com\/wp-content\/uploads\/2023\/06\/fingi-230x153.jpg 230w, https:\/\/casalyz.com\/wp-content\/uploads\/2023\/06\/fingi-350x233.jpg 350w, https:\/\/casalyz.com\/wp-content\/uploads\/2023\/06\/fingi-480x320.jpg 480w, https:\/\/casalyz.com\/wp-content\/uploads\/2023\/06\/fingi-272x182.jpg 272w, https:\/\/casalyz.com\/wp-content\/uploads\/2023\/06\/fingi-720x480.jpg 720w\" sizes=\"auto, (max-width: 1024px) 100vw, 1024px\" \/>\t\t<\/li>\n\t\t\t\t<li class=\"sow-slider-image\" style=\"visibility: hidden;\" >\n\t\t\t\t\t\t<img loading=\"lazy\" decoding=\"async\" width=\"1024\" height=\"683\" src=\"https:\/\/casalyz.com\/wp-content\/uploads\/2023\/06\/tarsila.jpg\" class=\"sow-slider-background-image\" alt=\"\" style=\"\" srcset=\"https:\/\/casalyz.com\/wp-content\/uploads\/2023\/06\/tarsila.jpg 1024w, https:\/\/casalyz.com\/wp-content\/uploads\/2023\/06\/tarsila-300x200.jpg 300w, https:\/\/casalyz.com\/wp-content\/uploads\/2023\/06\/tarsila-768x512.jpg 768w, https:\/\/casalyz.com\/wp-content\/uploads\/2023\/06\/tarsila-830x554.jpg 830w, https:\/\/casalyz.com\/wp-content\/uploads\/2023\/06\/tarsila-230x153.jpg 230w, https:\/\/casalyz.com\/wp-content\/uploads\/2023\/06\/tarsila-350x233.jpg 350w, https:\/\/casalyz.com\/wp-content\/uploads\/2023\/06\/tarsila-480x320.jpg 480w, https:\/\/casalyz.com\/wp-content\/uploads\/2023\/06\/tarsila-272x182.jpg 272w, https:\/\/casalyz.com\/wp-content\/uploads\/2023\/06\/tarsila-720x480.jpg 720w\" sizes=\"auto, (max-width: 1024px) 100vw, 1024px\" \/>\t\t<\/li>\n\t\t\t\t<li class=\"sow-slider-image\" style=\"visibility: hidden;\" >\n\t\t\t\t\t\t<img loading=\"lazy\" decoding=\"async\" width=\"1024\" height=\"683\" src=\"https:\/\/casalyz.com\/wp-content\/uploads\/2023\/06\/centro.jpg\" class=\"sow-slider-background-image\" alt=\"\" style=\"\" srcset=\"https:\/\/casalyz.com\/wp-content\/uploads\/2023\/06\/centro.jpg 1024w, https:\/\/casalyz.com\/wp-content\/uploads\/2023\/06\/centro-300x200.jpg 300w, https:\/\/casalyz.com\/wp-content\/uploads\/2023\/06\/centro-768x512.jpg 768w, https:\/\/casalyz.com\/wp-content\/uploads\/2023\/06\/centro-830x554.jpg 830w, https:\/\/casalyz.com\/wp-content\/uploads\/2023\/06\/centro-230x153.jpg 230w, https:\/\/casalyz.com\/wp-content\/uploads\/2023\/06\/centro-350x233.jpg 350w, https:\/\/casalyz.com\/wp-content\/uploads\/2023\/06\/centro-480x320.jpg 480w, https:\/\/casalyz.com\/wp-content\/uploads\/2023\/06\/centro-272x182.jpg 272w, https:\/\/casalyz.com\/wp-content\/uploads\/2023\/06\/centro-720x480.jpg 720w\" sizes=\"auto, (max-width: 1024px) 100vw, 1024px\" \/>\t\t<\/li>\n\t\t\t\t<li class=\"sow-slider-image\" style=\"visibility: hidden;\" >\n\t\t\t\t\t\t<img loading=\"lazy\" decoding=\"async\" width=\"1024\" height=\"683\" src=\"https:\/\/casalyz.com\/wp-content\/uploads\/2023\/06\/lateral.jpg\" class=\"sow-slider-background-image\" alt=\"\" style=\"\" srcset=\"https:\/\/casalyz.com\/wp-content\/uploads\/2023\/06\/lateral.jpg 1024w, https:\/\/casalyz.com\/wp-content\/uploads\/2023\/06\/lateral-300x200.jpg 300w, https:\/\/casalyz.com\/wp-content\/uploads\/2023\/06\/lateral-768x512.jpg 768w, https:\/\/casalyz.com\/wp-content\/uploads\/2023\/06\/lateral-830x554.jpg 830w, https:\/\/casalyz.com\/wp-content\/uploads\/2023\/06\/lateral-230x153.jpg 230w, https:\/\/casalyz.com\/wp-content\/uploads\/2023\/06\/lateral-350x233.jpg 350w, https:\/\/casalyz.com\/wp-content\/uploads\/2023\/06\/lateral-480x320.jpg 480w, https:\/\/casalyz.com\/wp-content\/uploads\/2023\/06\/lateral-272x182.jpg 272w, https:\/\/casalyz.com\/wp-content\/uploads\/2023\/06\/lateral-720x480.jpg 720w\" sizes=\"auto, (max-width: 1024px) 100vw, 1024px\" \/>\t\t<\/li>\n\t\t\t\t<li class=\"sow-slider-image\" style=\"visibility: hidden;\" >\n\t\t\t\t\t\t<img loading=\"lazy\" decoding=\"async\" width=\"1024\" height=\"683\" src=\"https:\/\/casalyz.com\/wp-content\/uploads\/2023\/06\/bistro.jpg\" class=\"sow-slider-background-image\" alt=\"\" style=\"\" srcset=\"https:\/\/casalyz.com\/wp-content\/uploads\/2023\/06\/bistro.jpg 1024w, https:\/\/casalyz.com\/wp-content\/uploads\/2023\/06\/bistro-300x200.jpg 300w, https:\/\/casalyz.com\/wp-content\/uploads\/2023\/06\/bistro-768x512.jpg 768w, https:\/\/casalyz.com\/wp-content\/uploads\/2023\/06\/bistro-830x554.jpg 830w, https:\/\/casalyz.com\/wp-content\/uploads\/2023\/06\/bistro-230x153.jpg 230w, https:\/\/casalyz.com\/wp-content\/uploads\/2023\/06\/bistro-350x233.jpg 350w, https:\/\/casalyz.com\/wp-content\/uploads\/2023\/06\/bistro-480x320.jpg 480w, https:\/\/casalyz.com\/wp-content\/uploads\/2023\/06\/bistro-272x182.jpg 272w, https:\/\/casalyz.com\/wp-content\/uploads\/2023\/06\/bistro-720x480.jpg 720w\" sizes=\"auto, (max-width: 1024px) 100vw, 1024px\" \/>\t\t<\/li>\n\t\t<\/ul>\t\t\t\t<ol class=\"sow-slider-pagination\">\n\t\t\t\t\t\t\t\t\t\t\t<li><a href=\"#\" data-goto=\"0\" aria-label=\"Display slide 1\"><\/a><\/li>\n\t\t\t\t\t\t\t\t\t\t\t<li><a href=\"#\" data-goto=\"1\" aria-label=\"Display slide 2\"><\/a><\/li>\n\t\t\t\t\t\t\t\t\t\t\t<li><a href=\"#\" data-goto=\"2\" aria-label=\"Display slide 3\"><\/a><\/li>\n\t\t\t\t\t\t\t\t\t\t\t<li><a href=\"#\" data-goto=\"3\" aria-label=\"Display slide 4\"><\/a><\/li>\n\t\t\t\t\t\t\t\t\t\t\t<li><a href=\"#\" data-goto=\"4\" aria-label=\"Display slide 5\"><\/a><\/li>\n\t\t\t\t\t\t\t\t\t\t\t<li><a href=\"#\" data-goto=\"5\" aria-label=\"Display slide 6\"><\/a><\/li>\n\t\t\t\t\t\t\t\t\t\t\t<li><a href=\"#\" data-goto=\"6\" aria-label=\"Display slide 7\"><\/a><\/li>\n\t\t\t\t\t\t\t\t\t\t\t<li><a href=\"#\" data-goto=\"7\" aria-label=\"Display slide 8\"><\/a><\/li>\n\t\t\t\t\t\t\t\t\t<\/ol>\n\n\t\t\t\t<div class=\"sow-slide-nav sow-slide-nav-next\">\n\t\t\t\t\t<a href=\"#\" data-goto=\"next\" aria-label=\"Next slide\" data-action=\"next\">\n\t\t\t\t\t\t<em class=\"sow-sld-icon-thin-right\"><\/em>\n\t\t\t\t\t<\/a>\n\t\t\t\t<\/div>\n\n\t\t\t\t<div class=\"sow-slide-nav sow-slide-nav-prev\">\n\t\t\t\t\t<a href=\"#\" data-goto=\"previous\" aria-label=\"Previous slide\" data-action=\"prev\">\n\t\t\t\t\t\t<em class=\"sow-sld-icon-thin-left\"><\/em>\n\t\t\t\t\t<\/a>\n\t\t\t\t<\/div>\n\t\t\t\t<\/div><\/div><\/div><\/div><\/div><div id=\"pgc-1391-1-1\"  class=\"panel-grid-cell\" ><div id=\"panel-1391-1-1-0\" class=\"so-panel widget widget_sow-editor panel-first-child\" data-index=\"2\" ><div style=\"text-align: left;\" data-title-color=\"#443f3f\" data-headings-color=\"#443f3f\" class=\"panel-widget-style panel-widget-style-for-1391-1-1-0\" ><div\n\t\t\t\n\t\t\tclass=\"so-widget-sow-editor so-widget-sow-editor-base\"\n\t\t\t\n\t\t>\n<div class=\"siteorigin-widget-tinymce textwidget\">\n\t<h4 style=\"text-align: center;\">Ficou encantado(a) com a pe\u00e7a e deseja explorar outras op\u00e7\u00f5es de acabamentos?<\/h4>\n<h4 style=\"text-align: center;\">Entre em contato com o nosso atendimento.<\/h4>\n<\/div>\n<\/div><\/div><\/div><div id=\"panel-1391-1-1-1\" class=\"so-panel widget widget_sow-button panel-last-child\" data-index=\"3\" ><div style=\"text-align: left;\" data-title-color=\"#443f3f\" data-headings-color=\"#443f3f\" class=\"panel-widget-style panel-widget-style-for-1391-1-1-1\" ><div\n\t\t\t\n\t\t\tclass=\"so-widget-sow-button so-widget-sow-button-wire-eec519c65d61-1391\"\n\t\t\t\n\t\t><div class=\"ow-button-base ow-button-align-center\"\n>\n\t\t\t<a\n\t\t\t\t\thref=\"http:\/\/wa.me\/5531983471454\"\n\t\t\t\t\tclass=\"sowb-button ow-icon-placement-left ow-button-hover\" \t>\n\t\t<span>\n\t\t\t\n\t\t\tDesejo obter informa\u00e7\u00f5es adicionais\t\t<\/span>\n\t\t\t<\/a>\n\t<\/div>\n<\/div><\/div><\/div><\/div><\/div><\/div><\/div>","protected":false},"excerpt":{"rendered":"<p>Mesas de jantar, de centro, lateral e bistro Ficou encantado(a) com a pe\u00e7a e deseja explorar outras op\u00e7\u00f5es de acabamentos? Entre em contato com o nosso atendimento.<\/p>\n","protected":false},"author":1,"featured_media":0,"parent":0,"menu_order":0,"comment_status":"closed","ping_status":"closed","template":"page-templates\/page_front-page.php","meta":{"footnotes":""},"class_list":["post-1391","page","type-page","status-publish","hentry"],"_links":{"self":[{"href":"https:\/\/casalyz.com\/index.php?rest_route=\/wp\/v2\/pages\/1391","targetHints":{"allow":["GET"]}}],"collection":[{"href":"https:\/\/casalyz.com\/index.php?rest_route=\/wp\/v2\/pages"}],"about":[{"href":"https:\/\/casalyz.com\/index.php?rest_route=\/wp\/v2\/types\/page"}],"author":[{"embeddable":true,"href":"https:\/\/casalyz.com\/index.php?rest_route=\/wp\/v2\/users\/1"}],"replies":[{"embeddable":true,"href":"https:\/\/casalyz.com\/index.php?rest_route=%2Fwp%2Fv2%2Fcomments&post=1391"}],"version-history":[{"count":9,"href":"https:\/\/casalyz.com\/index.php?rest_route=\/wp\/v2\/pages\/1391\/revisions"}],"predecessor-version":[{"id":1739,"href":"https:\/\/casalyz.com\/index.php?rest_route=\/wp\/v2\/pages\/1391\/revisions\/1739"}],"wp:attachment":[{"href":"https:\/\/casalyz.com\/index.php?rest_route=%2Fwp%2Fv2%2Fmedia&parent=1391"}],"curies":[{"name":"wp","href":"https:\/\/api.w.org\/{rel}","templated":true}]}}