{"id":1086,"date":"2023-05-31T15:12:19","date_gmt":"2023-05-31T15:12:19","guid":{"rendered":"http:\/\/casalyz.com\/?page_id=1086"},"modified":"2025-04-07T01:43:54","modified_gmt":"2025-04-07T01:43:54","slug":"casalyz-2","status":"publish","type":"page","link":"https:\/\/casalyz.com\/","title":{"rendered":"casalyz"},"content":{"rendered":"<div id=\"pl-1086\"  class=\"panel-layout\" ><div id=\"pg-1086-0\"  class=\"panel-grid panel-has-style\" ><div class=\"siteorigin-panels-stretch panel-row-style panel-row-style-for-1086-0\" style=\"padding: 25px 0; \" data-stretch-type=\"full-width-stretch\" data-overlay=\"true\" data-overlay-color=\"#000000\" ><div id=\"pgc-1086-0-0\"  class=\"panel-grid-cell panel-grid-cell-empty\" ><\/div><div id=\"pgc-1086-0-1\"  class=\"panel-grid-cell\" ><div id=\"panel-1086-0-1-0\" class=\"so-panel widget widget_sow-image panel-first-child panel-last-child\" data-index=\"0\" ><div style=\"text-align: left;\" data-title-color=\"#443f3f\" data-headings-color=\"#443f3f\" class=\"panel-widget-style panel-widget-style-for-1086-0-1-0\" ><div\n\t\t\t\n\t\t\tclass=\"so-widget-sow-image so-widget-sow-image-default-e4c2d9f6c920-1086\"\n\t\t\t\n\t\t>\n<div class=\"sow-image-container\">\n\t\t<img \n\tsrc=\"https:\/\/casalyz.com\/wp-content\/uploads\/2023\/05\/bem-vindos.jpg\" width=\"272\" height=\"387\" srcset=\"https:\/\/casalyz.com\/wp-content\/uploads\/2023\/05\/bem-vindos.jpg 272w, https:\/\/casalyz.com\/wp-content\/uploads\/2023\/05\/bem-vindos-211x300.jpg 211w, https:\/\/casalyz.com\/wp-content\/uploads\/2023\/05\/bem-vindos-230x327.jpg 230w\" sizes=\"(max-width: 272px) 100vw, 272px\" title=\"bem vindos\" alt=\"\" \t\tclass=\"so-widget-image\"\/>\n\t<\/div>\n\n<\/div><\/div><\/div><\/div><div id=\"pgc-1086-0-2\"  class=\"panel-grid-cell panel-grid-cell-mobile-last\" ><div id=\"panel-1086-0-2-0\" class=\"so-panel widget widget_sow-editor panel-first-child panel-last-child\" data-index=\"1\" ><div style=\"text-align: left;\" data-title-color=\"#443f3f\" data-headings-color=\"#443f3f\" class=\"panel-widget-style panel-widget-style-for-1086-0-2-0\" ><div\n\t\t\t\n\t\t\tclass=\"so-widget-sow-editor so-widget-sow-editor-base\"\n\t\t\t\n\t\t>\n<div class=\"siteorigin-widget-tinymce textwidget\">\n\t<div id=\"comp-ktgbwudo\" class=\"_1Q9if\" data-testid=\"richTextElement\">\n<h6 class=\"font_8\" style=\"text-align: left;\">Acreditamos que uma bela casa decorada \u00e9 mais do que funcionalidade e est\u00e9tica. \u00c9 estilo de vida! Nosso objetivo \u00e9 tornar o interior de sua casa um reflexo de sua personalidade. Sua casa deve ser algo de que voc\u00ea e sua fam\u00edlia se orgulhem e gostem de passar o tempo.<\/h6>\n<h4 class=\"font_8\" style=\"text-align: left;\">Bem vindos! Somos a Casa Lyz.<\/h4>\n<h6 class=\"font_8\" style=\"text-align: left;\">Um loja completa de M\u00f3veis e Decora\u00e7\u00f5es \u00e0 pronta-entrega e Planejados de alto padr\u00e3o.<br \/>\nVenha conferir!<\/h6>\n<h6 class=\"font_8\" style=\"text-align: left;\">Belo Horizonte\/MG<br \/>\nAv. N. Sra. do Carmo, 2906 - Santa L\u00facia<\/h6>\n<h6 class=\"font_8\" style=\"text-align: left;\">Itapema\/SC<br \/>\nRua 288, n\u00ba 369 - Meia Praia<\/h6>\n<\/div>\n<section class=\"elementor-section elementor-top-section elementor-element elementor-element-3b92c5c elementor-section-boxed elementor-section-height-default elementor-section-height-default\" data-id=\"3b92c5c\" data-element_type=\"section\">\n<div class=\"elementor-container elementor-column-gap-default\">\n<div class=\"elementor-column elementor-col-100 elementor-top-column elementor-element elementor-element-d302a0e\" data-id=\"d302a0e\" data-element_type=\"column\">\n<div class=\"elementor-widget-wrap elementor-element-populated\">\n<div class=\"elementor-element elementor-element-dcd98a6 elementor-align-left elementor-widget elementor-widget-bdevs-expertnesses\" data-id=\"dcd98a6\" data-element_type=\"widget\" data-widget_type=\"bdevs-expertnesses.default\">\n<div class=\"elementor-widget-container\">\n<section class=\"container-fluid onStep animated fadeInUp\" aria-label=\"section\" data-animation=\"fadeInUp\" data-time=\"0\">\n<div class=\"row m-2-hor\">\n<div class=\"col-12 mb-5\"><\/div>\n<\/div>\n<\/section>\n<\/div>\n<\/div>\n<\/div>\n<\/div>\n<\/div>\n<\/section>\n<\/div>\n<\/div><\/div><\/div><\/div><div id=\"pgc-1086-0-3\"  class=\"panel-grid-cell panel-grid-cell-empty\" ><\/div><\/div><\/div><div id=\"pg-1086-1\"  class=\"panel-grid panel-has-style\" ><div class=\"siteorigin-panels-stretch panel-row-style panel-row-style-for-1086-1\" style=\"padding: 25px 0; \" data-stretch-type=\"full-width-stretch\" data-overlay=\"true\" data-overlay-color=\"#000000\" ><div id=\"pgc-1086-1-0\"  class=\"panel-grid-cell\" ><div id=\"panel-1086-1-0-0\" class=\"so-panel widget widget_sow-editor panel-first-child panel-last-child\" data-index=\"2\" ><div style=\"text-align: left;\" data-title-color=\"#443f3f\" data-headings-color=\"#443f3f\" class=\"panel-widget-style panel-widget-style-for-1086-1-0-0\" ><div\n\t\t\t\n\t\t\tclass=\"so-widget-sow-editor so-widget-sow-editor-base\"\n\t\t\t\n\t\t><h3 class=\"widget-title\">Destaques<\/h3>\n<div class=\"siteorigin-widget-tinymce textwidget\">\n\t<\/div>\n<\/div><\/div><\/div><\/div><\/div><\/div><div id=\"pg-1086-2\"  class=\"panel-grid panel-has-style\" ><div class=\"siteorigin-panels-stretch panel-row-style panel-row-style-for-1086-2\" style=\"padding: 0px 0; \" data-stretch-type=\"full-width-stretch\" data-overlay=\"true\" data-overlay-color=\"#000000\" ><div id=\"pgc-1086-2-0\"  class=\"panel-grid-cell panel-grid-cell-empty\" ><\/div><div id=\"pgc-1086-2-1\"  class=\"panel-grid-cell panel-grid-cell-mobile-last\" ><div id=\"panel-1086-2-1-0\" class=\"so-panel widget widget_cl-ib widget-cl-ib panel-first-child\" data-index=\"3\" ><div style=\"text-align: left;\" data-title-color=\"#443f3f\" data-headings-color=\"#443f3f\" class=\"panel-widget-style panel-widget-style-for-1086-2-1-0\" ><a href=\"http:\/\/casalyz.com\/produtos\/\" title=\"Produtos\" class=\"cl-ib animation_hebe ratio_3x2 align_center with_title with_desc cl_custom_css_1\" style=\"width:100%;background-color:#444444;color:#ffffff;\"><div class=\"cl-ib-h easing_ease\"><div class=\"cl-ib-image\" style=\"background-image: url(https:\/\/casalyz.com\/wp-content\/uploads\/2023\/03\/banner.jpg)\"><img loading=\"lazy\" decoding=\"async\" src=\"https:\/\/casalyz.com\/wp-content\/uploads\/2023\/03\/banner.jpg\" width=\"527\" height=\"352\"  alt=\"casalyz\" \/><\/div><div class=\"cl-ib-content\" style=\"padding:10%;\"><div class=\"cl-ib-content-h\"><h4 class=\"cl-ib-title\" style=\"font-size:30px;\">PRODUTOS<\/h4><div class=\"cl-ib-desc\">DA NOSSA CASA PARA SUA CASA<\/div><\/div><\/div><\/div><\/a><style type=\"text\/css\">@media only screen and (max-width: 599px) {.cl_custom_css_1 .cl-ib-title { font-size:24px !important; }}<\/style><\/div><\/div><div id=\"panel-1086-2-1-1\" class=\"so-panel widget widget_sow-cta\" data-index=\"4\" ><div style=\"text-align: left;\" data-title-color=\"#443f3f\" data-headings-color=\"#443f3f\" class=\"panel-widget-style panel-widget-style-for-1086-2-1-1\" ><div\n\t\t\t\n\t\t\tclass=\"so-widget-sow-cta so-widget-sow-cta-default-54eb91ca71d3-1086\"\n\t\t\t\n\t\t><div\n\tclass=\"sow-cta-base\"\n\t>\n\t\n\t<div class=\"sow-cta-wrapper\">\n\n\t\t<div class=\"sow-cta-text\">\n\t\t\t\t\t\t\t<h4 class=\"sow-cta-title\">\n\t\t\t\t\tM\u00d3VEIS E DECORA\u00c7\u00d5ES\t\t\t\t<\/h4>\n\t\t\t\n\t\t\t\t\t\t\t<h4 class=\"sow-cta-subtitle\">\n\t\t\t\t\t\u00c0 pronta-entrega e sob encomenda\t\t\t\t<\/h4>\n\t\t\t\t\t<\/div>\n\n\t\t<div\n\t\t\t\n\t\t\tclass=\"so-widget-sow-button so-widget-sow-button-wire-fd596b341395\"\n\t\t\t\n\t\t><div class=\"ow-button-base ow-button-align-center\"\n>\n\t\t\t<a\n\t\t\t\t\thref=\"https:\/\/casalyz.com\/?page_id=1313\"\n\t\t\t\t\tclass=\"sowb-button ow-icon-placement-left ow-button-hover\" \t>\n\t\t<span>\n\t\t\t\n\t\t\tACESSAR\t\t<\/span>\n\t\t\t<\/a>\n\t<\/div>\n<\/div>\n\t<\/div>\n\n\t<\/div>\n<\/div><\/div><\/div><div id=\"panel-1086-2-1-2\" class=\"so-panel widget widget_sow-editor panel-last-child\" data-index=\"5\" ><div style=\"text-align: left;\" data-title-color=\"#443f3f\" data-headings-color=\"#443f3f\" class=\"panel-widget-style panel-widget-style-for-1086-2-1-2\" ><div\n\t\t\t\n\t\t\tclass=\"so-widget-sow-editor so-widget-sow-editor-base\"\n\t\t\t\n\t\t>\n<div class=\"siteorigin-widget-tinymce textwidget\">\n\t<p><span style=\"color: #ffffff;\">.<\/span><\/p>\n<\/div>\n<\/div><\/div><\/div><\/div><div id=\"pgc-1086-2-2\"  class=\"panel-grid-cell panel-grid-cell-empty\" ><\/div><\/div><\/div><div id=\"pg-1086-3\"  class=\"panel-grid panel-has-style\" ><div class=\"siteorigin-panels-stretch panel-row-style panel-row-style-for-1086-3\" style=\"padding: 25px 0; \" data-stretch-type=\"full\" data-overlay=\"true\" data-overlay-color=\"#000000\" ><div id=\"pgc-1086-3-0\"  class=\"panel-grid-cell\" ><div id=\"panel-1086-3-0-0\" class=\"so-panel widget widget_sow-editor panel-first-child panel-last-child\" data-index=\"6\" ><div style=\"text-align: left;\" data-title-color=\"#443f3f\" data-headings-color=\"#443f3f\" class=\"panel-widget-style panel-widget-style-for-1086-3-0-0\" ><div\n\t\t\t\n\t\t\tclass=\"so-widget-sow-editor so-widget-sow-editor-base\"\n\t\t\t\n\t\t><h3 class=\"widget-title\">Mostras de Decora\u00e7\u00e3o<\/h3>\n<div class=\"siteorigin-widget-tinymce textwidget\">\n\t<\/div>\n<\/div><\/div><\/div><\/div><\/div><\/div><div id=\"pg-1086-4\"  class=\"panel-grid panel-has-style\" ><div class=\"siteorigin-panels-stretch panel-row-style panel-row-style-for-1086-4\" style=\"padding: 0px 0; \" data-stretch-type=\"full\" data-overlay=\"true\" data-overlay-color=\"#000000\" ><div id=\"pgc-1086-4-0\"  class=\"panel-grid-cell\" ><div id=\"panel-1086-4-0-0\" class=\"so-panel widget widget_sow-editor panel-first-child\" data-index=\"7\" ><div style=\"text-align: left;\" data-title-color=\"#443f3f\" data-headings-color=\"#443f3f\" class=\"panel-widget-style panel-widget-style-for-1086-4-0-0\" ><div\n\t\t\t\n\t\t\tclass=\"so-widget-sow-editor so-widget-sow-editor-base\"\n\t\t\t\n\t\t>\n<div class=\"siteorigin-widget-tinymce textwidget\">\n\t<p style=\"text-align: center;\"><a href=\"http:\/\/casalyz.com\/casa-cor-minas-2024\/\"><img loading=\"lazy\" decoding=\"async\" class=\"alignnone wp-image-1921 size-full\" src=\"http:\/\/casalyz.com\/wp-content\/uploads\/2024\/08\/casacorminas2024.png\" alt=\"casa cor minas 2024\" width=\"200\" height=\"142\" \/><\/a><\/p>\n<\/div>\n<\/div><\/div><\/div><div id=\"panel-1086-4-0-1\" class=\"so-panel widget widget_sow-editor panel-last-child\" data-index=\"8\" ><div style=\"text-align: left;\" data-title-color=\"#443f3f\" data-headings-color=\"#443f3f\" class=\"panel-widget-style panel-widget-style-for-1086-4-0-1\" ><div\n\t\t\t\n\t\t\tclass=\"so-widget-sow-editor so-widget-sow-editor-base\"\n\t\t\t\n\t\t>\n<div class=\"siteorigin-widget-tinymce textwidget\">\n\t<p><span style=\"color: #ffffff;\">.<\/span><\/p>\n<\/div>\n<\/div><\/div><\/div><\/div><div id=\"pgc-1086-4-1\"  class=\"panel-grid-cell\" ><div id=\"panel-1086-4-1-0\" class=\"so-panel widget widget_sow-editor panel-first-child\" data-index=\"9\" ><div style=\"text-align: left;\" data-title-color=\"#443f3f\" data-headings-color=\"#443f3f\" class=\"panel-widget-style panel-widget-style-for-1086-4-1-0\" ><div\n\t\t\t\n\t\t\tclass=\"so-widget-sow-editor so-widget-sow-editor-base\"\n\t\t\t\n\t\t>\n<div class=\"siteorigin-widget-tinymce textwidget\">\n\t<p style=\"text-align: center;\"><a href=\"http:\/\/casalyz.com\/casa-cor-itapema-2024\/\"><img loading=\"lazy\" decoding=\"async\" class=\"alignnone wp-image-1922 size-full\" src=\"http:\/\/casalyz.com\/wp-content\/uploads\/2024\/08\/casacoritapema2024.png\" alt=\"casa cor itapema 2024\" width=\"200\" height=\"142\" \/><\/a><\/p>\n<\/div>\n<\/div><\/div><\/div><div id=\"panel-1086-4-1-1\" class=\"so-panel widget widget_sow-editor panel-last-child\" data-index=\"10\" ><div style=\"text-align: left;\" data-title-color=\"#443f3f\" data-headings-color=\"#443f3f\" class=\"panel-widget-style panel-widget-style-for-1086-4-1-1\" ><div\n\t\t\t\n\t\t\tclass=\"so-widget-sow-editor so-widget-sow-editor-base\"\n\t\t\t\n\t\t>\n<div class=\"siteorigin-widget-tinymce textwidget\">\n\t<p><span style=\"color: #ffffff;\">.<\/span><\/p>\n<\/div>\n<\/div><\/div><\/div><\/div><div id=\"pgc-1086-4-2\"  class=\"panel-grid-cell\" ><div id=\"panel-1086-4-2-0\" class=\"so-panel widget widget_sow-editor panel-first-child\" data-index=\"11\" ><div style=\"text-align: left;\" data-title-color=\"#443f3f\" data-headings-color=\"#443f3f\" class=\"panel-widget-style panel-widget-style-for-1086-4-2-0\" ><div\n\t\t\t\n\t\t\tclass=\"so-widget-sow-editor so-widget-sow-editor-base\"\n\t\t\t\n\t\t>\n<div class=\"siteorigin-widget-tinymce textwidget\">\n\t<p style=\"text-align: center;\"><a href=\"http:\/\/casalyz.com\/casa-cor-2023\/\"><img loading=\"lazy\" decoding=\"async\" class=\"alignnone wp-image-1920 size-full\" src=\"http:\/\/casalyz.com\/wp-content\/uploads\/2024\/08\/casacorminas2023.png\" alt=\"casa cor minas 2023\" width=\"200\" height=\"142\" \/><\/a><\/p>\n<\/div>\n<\/div><\/div><\/div><div id=\"panel-1086-4-2-1\" class=\"so-panel widget widget_sow-editor panel-last-child\" data-index=\"12\" ><div style=\"text-align: left;\" data-title-color=\"#443f3f\" data-headings-color=\"#443f3f\" class=\"panel-widget-style panel-widget-style-for-1086-4-2-1\" ><div\n\t\t\t\n\t\t\tclass=\"so-widget-sow-editor so-widget-sow-editor-base\"\n\t\t\t\n\t\t>\n<div class=\"siteorigin-widget-tinymce textwidget\">\n\t<p><span style=\"color: #ffffff;\">.<\/span><\/p>\n<\/div>\n<\/div><\/div><\/div><\/div><div id=\"pgc-1086-4-3\"  class=\"panel-grid-cell\" ><div id=\"panel-1086-4-3-0\" class=\"so-panel widget widget_sow-editor panel-first-child\" data-index=\"13\" ><div style=\"text-align: left;\" data-title-color=\"#443f3f\" data-headings-color=\"#443f3f\" class=\"panel-widget-style panel-widget-style-for-1086-4-3-0\" ><div\n\t\t\t\n\t\t\tclass=\"so-widget-sow-editor so-widget-sow-editor-base\"\n\t\t\t\n\t\t>\n<div class=\"siteorigin-widget-tinymce textwidget\">\n\t<p style=\"text-align: center;\"><a href=\"http:\/\/casalyz.com\/modernos-eternos-2023\/\"><img loading=\"lazy\" decoding=\"async\" class=\"alignnone wp-image-1919 size-full\" src=\"http:\/\/casalyz.com\/wp-content\/uploads\/2024\/08\/modernos2023.png\" alt=\"modernos eternos bh 2023\" width=\"200\" height=\"142\" \/><\/a><\/p>\n<\/div>\n<\/div><\/div><\/div><div id=\"panel-1086-4-3-1\" class=\"so-panel widget widget_sow-editor panel-last-child\" data-index=\"14\" ><div style=\"text-align: left;\" data-title-color=\"#443f3f\" data-headings-color=\"#443f3f\" class=\"panel-widget-style panel-widget-style-for-1086-4-3-1\" ><div\n\t\t\t\n\t\t\tclass=\"so-widget-sow-editor so-widget-sow-editor-base\"\n\t\t\t\n\t\t>\n<div class=\"siteorigin-widget-tinymce textwidget\">\n\t<p><span style=\"color: #ffffff;\">.<\/span><\/p>\n<\/div>\n<\/div><\/div><\/div><\/div><\/div><\/div><div id=\"pg-1086-5\"  class=\"panel-grid panel-has-style\" ><div class=\"siteorigin-panels-stretch panel-row-style panel-row-style-for-1086-5\" style=\"padding: 25px 0; \" data-stretch-type=\"full\" data-overlay=\"true\" data-overlay-color=\"#000000\" ><div id=\"pgc-1086-5-0\"  class=\"panel-grid-cell\" ><div id=\"panel-1086-5-0-0\" class=\"so-panel widget widget_sow-editor panel-first-child panel-last-child\" data-index=\"15\" ><div style=\"text-align: center;\" data-title-color=\"#443f3f\" data-headings-color=\"#443f3f\" class=\"panel-widget-style panel-widget-style-for-1086-5-0-0\" ><div\n\t\t\t\n\t\t\tclass=\"so-widget-sow-editor so-widget-sow-editor-base\"\n\t\t\t\n\t\t>\n<div class=\"siteorigin-widget-tinymce textwidget\">\n\t<div id=\"pgc-205-4-0\" class=\"panel-grid-cell\">\n<div id=\"panel-205-4-0-0\" class=\"so-panel widget widget_sow-editor panel-first-child panel-last-child\" data-index=\"18\">\n<div class=\"panel-widget-style panel-widget-style-for-205-4-0-0\" data-title-color=\"#ffffff\" data-headings-color=\"#ffffff\">\n<div class=\"so-widget-sow-editor so-widget-sow-editor-base\">\n<div class=\"siteorigin-widget-tinymce textwidget\">\n<h5 class=\"g-cta-title\" style=\"text-align: right;\"><span style=\"color: #000000;\">SOLICITE SEU OR\u00c7AMENTO!<\/span><\/h5>\n<\/div>\n<\/div>\n<\/div>\n<\/div>\n<\/div>\n<div id=\"pgc-205-4-1\" class=\"panel-grid-cell\">\n<div id=\"panel-205-4-1-0\" class=\"so-panel widget widget_sow-button panel-first-child panel-last-child\" data-index=\"19\">\n<div class=\"panel-widget-style panel-widget-style-for-205-4-1-0\" data-title-color=\"#443f3f\" data-headings-color=\"#443f3f\">\n<div class=\"so-widget-sow-button so-widget-sow-button-atom-4f1d5b4fde8d-205\">\n<div class=\"ow-button-base ow-button-align-center\"><\/div>\n<\/div>\n<\/div>\n<\/div>\n<\/div>\n<\/div>\n<\/div><\/div><\/div><\/div><div id=\"pgc-1086-5-1\"  class=\"panel-grid-cell\" ><div id=\"panel-1086-5-1-0\" class=\"so-panel widget widget_sow-button panel-first-child panel-last-child\" data-index=\"16\" ><div style=\"text-align: left;\" data-title-color=\"#443f3f\" data-headings-color=\"#443f3f\" class=\"panel-widget-style panel-widget-style-for-1086-5-1-0\" ><div\n\t\t\t\n\t\t\tclass=\"so-widget-sow-button so-widget-sow-button-wire-64a5746d6b30-1086\"\n\t\t\t\n\t\t><div class=\"ow-button-base ow-button-align-left\"\n>\n\t\t\t<a\n\t\t\t\t\thref=\"http:\/\/wa.me\/5531983471454\"\n\t\t\t\t\tclass=\"sowb-button ow-icon-placement-left ow-button-hover\" \t>\n\t\t<span>\n\t\t\t<span class=\"sow-icon-icomoon\" data-sow-icon=\"&#xea93;\"\n\t\tstyle=\"\" \n\t\taria-hidden=\"true\"><\/span>\n\t\t\tFALAR COM UM CONSULTOR DE VENDAS AGORA\t\t<\/span>\n\t\t\t<\/a>\n\t<\/div>\n<\/div><\/div><\/div><\/div><\/div><\/div><\/div>","protected":false},"excerpt":{"rendered":"<p>Acreditamos que uma bela casa decorada \u00e9 mais do que funcionalidade e est\u00e9tica. \u00c9 estilo de vida! Nosso objetivo \u00e9 tornar o interior de sua casa um reflexo de sua personalidade. Sua casa deve ser algo de que voc\u00ea e sua fam\u00edlia se orgulhem e gostem de passar o tempo. Bem vindos! Somos a Casa [&hellip;]<\/p>\n","protected":false},"author":1,"featured_media":0,"parent":0,"menu_order":0,"comment_status":"closed","ping_status":"closed","template":"page-templates\/page_front-page.php","meta":{"footnotes":""},"class_list":["post-1086","page","type-page","status-publish","hentry"],"_links":{"self":[{"href":"https:\/\/casalyz.com\/index.php?rest_route=\/wp\/v2\/pages\/1086","targetHints":{"allow":["GET"]}}],"collection":[{"href":"https:\/\/casalyz.com\/index.php?rest_route=\/wp\/v2\/pages"}],"about":[{"href":"https:\/\/casalyz.com\/index.php?rest_route=\/wp\/v2\/types\/page"}],"author":[{"embeddable":true,"href":"https:\/\/casalyz.com\/index.php?rest_route=\/wp\/v2\/users\/1"}],"replies":[{"embeddable":true,"href":"https:\/\/casalyz.com\/index.php?rest_route=%2Fwp%2Fv2%2Fcomments&post=1086"}],"version-history":[{"count":93,"href":"https:\/\/casalyz.com\/index.php?rest_route=\/wp\/v2\/pages\/1086\/revisions"}],"predecessor-version":[{"id":1956,"href":"https:\/\/casalyz.com\/index.php?rest_route=\/wp\/v2\/pages\/1086\/revisions\/1956"}],"wp:attachment":[{"href":"https:\/\/casalyz.com\/index.php?rest_route=%2Fwp%2Fv2%2Fmedia&parent=1086"}],"curies":[{"name":"wp","href":"https:\/\/api.w.org\/{rel}","templated":true}]}}